{"id":2,"date":"2021-09-15T14:13:20","date_gmt":"2021-09-15T14:13:20","guid":{"rendered":"https:\/\/xn--mhippan-90a.se\/?page_id=2"},"modified":"2021-09-17T13:42:42","modified_gmt":"2021-09-17T13:42:42","slug":"startsida","status":"publish","type":"page","link":"https:\/\/xn--mhippan-90a.se\/","title":{"rendered":"M\u00f6hippa"},"content":{"rendered":"\n<p>M\u00f6hippa, den stora dagen och kv\u00e4llen d\u00e4r v\u00e4nninorna samlas f\u00f6r att fira den blivande bruden, det h\u00e4r kommer att bli ett of\u00f6rgl\u00f6mligt minne (beror ju p\u00e5 dryckesintaget) och allt m\u00e5ste blir r\u00e4tt. Vi hj\u00e4lper dig med allt som beh\u00f6vs f\u00f6r att skapa den perfekta m\u00f6hippan, h\u00e4ng med s\u00e5 ber\u00e4ttar vi mer!<\/p>\n\n\n\n<div class=\"schema-how-to wp-block-yoast-how-to-block\"><p class=\"schema-how-to-description\">Inneh\u00e5ll:<\/p> <ol class=\"schema-how-to-steps\"><li class=\"schema-how-to-step\" id=\"how-to-step-1631884254663\"><strong class=\"schema-how-to-step-name\"><a href=\"#bakgrund\">Bakgrund om m\u00f6hippan<\/a><\/strong> <p class=\"schema-how-to-step-text\"><\/p> <\/li><li class=\"schema-how-to-step\" id=\"how-to-step-1631884321770\"><strong class=\"schema-how-to-step-name\"><a href=\"#vadgorman\">Vad g\u00f6r man p\u00e5 en M\u00f6hippa<\/a><\/strong> <p class=\"schema-how-to-step-text\"><\/p> <\/li><li class=\"schema-how-to-step\" id=\"how-to-step-1631884412707\"><strong class=\"schema-how-to-step-name\"><a href=\"#klader\">Kl\u00e4der till m\u00f6hippan<\/a><\/strong> <p class=\"schema-how-to-step-text\"><\/p> <\/li><li class=\"schema-how-to-step\" id=\"how-to-step-1631884430981\"><strong class=\"schema-how-to-step-name\"><a href=\"#dekoration\">Dekoration till m\u00f6hippa<\/a><\/strong> <p class=\"schema-how-to-step-text\"><\/p> <\/li><li class=\"schema-how-to-step\" id=\"how-to-step-1631884484857\"><strong class=\"schema-how-to-step-name\"><a href=\"#nar\">N\u00e4r i tid anordnas en m\u00f6hippa<\/a><\/strong> <p class=\"schema-how-to-step-text\"><\/p> <\/li><li class=\"schema-how-to-step\" id=\"how-to-step-1631884504152\"><strong class=\"schema-how-to-step-name\"><a href=\"#lekar\">Lekar och quiz<\/a><\/strong> <p class=\"schema-how-to-step-text\"><\/p> <\/li><\/ol><\/div>\n\n\n\n<h3 class=\"wp-block-heading\" id=\"bakgrund\">Bakgrund om m\u00f6hippan<\/h3>\n\n\n\n<figure class=\"wp-block-image size-full\"><img loading=\"lazy\" decoding=\"async\" width=\"600\" height=\"400\" src=\"https:\/\/xn--mhippan-90a.se\/wp-content\/uploads\/2021\/09\/bride.jpg\" alt=\"m\u00f6hippa ballong bride\" class=\"wp-image-9\" srcset=\"https:\/\/xn--mhippan-90a.se\/wp-content\/uploads\/2021\/09\/bride.jpg 600w, https:\/\/xn--mhippan-90a.se\/wp-content\/uploads\/2021\/09\/bride-300x200.jpg 300w\" sizes=\"auto, (max-width: 600px) 100vw, 600px\" \/><\/figure>\n\n\n\n<p>L\u00e5t oss f\u00f6rst titta tillbaka och se vad sj\u00e4lva m\u00f6hippan kommer ifr\u00e5n och vad den i grunden handlade om. Faktum \u00e4r att m\u00f6hippa som ursprungligen hette m\u00f6kv\u00e4ll har funnits i Sverige under l\u00e5ng tid och \u00e4r inte ett fenomen som h\u00e4rstammar fr\u00e5n USA, vilket man ju ofta \u00e4r van vid. Dock s\u00e5 var den tidigare versionen m\u00f6kv\u00e4ll n\u00e5got annorlunda fr\u00e5n dagens m\u00f6hippa. Som exempel p\u00e5 skillnaderna s\u00e5 firades m\u00f6kv\u00e4llen dagen innan br\u00f6llopet. Faktum \u00e4r att m\u00f6hippan faktiskt kom tidigare \u00e4n svensexan om man tittar tillbaka i historien. <a href=\"https:\/\/sv.wikipedia.org\/wiki\/M%C3%B6hippa\" target=\"_blank\" rel=\"noreferrer noopener\">Wikipedia<\/a> har mer information f\u00f6r den som vill f\u00f6rkovra sig i historien kring m\u00f6hippan.<\/p>\n\n\n\n<h2 class=\"wp-block-heading\" id=\"vadgorman\">Vad g\u00f6r man p\u00e5 en m\u00f6hippa?<\/h2>\n\n\n\n<p>Det \u00e4r sj\u00e4lvklart en subjektiv fr\u00e5ga d\u00e5 alla m\u00f6hippor ser olika ut. Men grunderna brukar handla om f\u00f6ljande: P\u00e5 dagen s\u00e5 anordnas n\u00e5gon typ av aktivitet, kanske samlas man f\u00f6r en gemensam brunch eller lunch med tillh\u00f6rande dryck och som ofta brukar f\u00f6ljas av n\u00e5got mer actionfyllt s\u00e5 som tex karaoke, fallsk\u00e4rmshoppning, paintball osv. N\u00e4r dagen g\u00e5r mot kv\u00e4ll s\u00e5 b\u00f6rjar festligheterna ta form och vanligt \u00e4r att man \u00e4ter gemensam middag f\u00f6r att sedan leka olika typer av lekar, vi g\u00e5r igenom lekarna lite l\u00e4ngre ner. N\u00e5got som \u00e4r v\u00e4ldigt vanligt \u00e4r att starta dagen men n\u00e5gon typ av kidnappning eller \u00f6verraskningsmoment och att sedan kl\u00e4 ut bruden s\u00e5 ingen missar att det \u00e4r hennes m\u00f6hippa idag. L\u00e4gg till n\u00e5gra lite mer f\u00f6rnedrande uppdrag som denne ska utf\u00f6ra s\u00e5 har du nog lyckats pricka in en ganska vanlig m\u00f6hippa.<\/p>\n\n\n\n<p>H\u00e4r kommer en lista med tips p\u00e5 saker att g\u00f6ra p\u00e5 m\u00f6hippan:<\/p>\n\n\n\n<ul class=\"wp-block-list\"><li>Gemensam karaoke, det finns m\u00e5nga barer som erbjuder separat sittning<\/li><li>Paintball<\/li><li>Fallsk\u00e4rmshoppning<\/li><li>Kroki, allts\u00e5 att m\u00e5la av en naken person<\/li><li>Drejning (ni vet, g\u00f6ra krukor av lera)<\/li><li>\u00c5ka ribb\u00e5t<\/li><li>Spa<\/li><li>Matlagningskurs<\/li><li>Vinprovning<\/li><li>G\u00e5 en Tipsrunda<\/li><li>Isskulptering<\/li><li>Segwaytur<\/li><li>N\u00f6jespark<\/li><li>H\u00e4stridning<\/li><li>Casino<\/li><li>Poledance<\/li><li>osv&nbsp;<\/li><\/ul>\n\n\n\n<h2 class=\"wp-block-heading\" id=\"klader\">Kl\u00e4der m\u00f6hippa<\/h2>\n\n\n\n<figure class=\"wp-block-image size-full\"><img loading=\"lazy\" decoding=\"async\" width=\"600\" height=\"400\" src=\"https:\/\/xn--mhippan-90a.se\/wp-content\/uploads\/2021\/09\/mohippa-guld.jpg\" alt=\"m\u00f6hippa kl\u00e4der\" class=\"wp-image-11\" srcset=\"https:\/\/xn--mhippan-90a.se\/wp-content\/uploads\/2021\/09\/mohippa-guld.jpg 600w, https:\/\/xn--mhippan-90a.se\/wp-content\/uploads\/2021\/09\/mohippa-guld-300x200.jpg 300w\" sizes=\"auto, (max-width: 600px) 100vw, 600px\" \/><\/figure>\n\n\n\n<p>Kl\u00e4 ut den blivande bruden p\u00e5 m\u00f6hippan s\u00e5 ingen missar att det \u00e4r hennes dag. Det finns olika typer av Sash (kroppsband) med texter som tex \u201cBride to be\u201d som g\u00e4rna kan kombineras med diadem eller en krona. Smycka ut med en fj\u00e4derboa s\u00e5 har du urtypen av hur en m\u00f6hippa-brud ser ut. H\u00e4r punktar vi utsmyckningar och kl\u00e4der som \u00e4r vanliga:<\/p>\n\n\n\n<ul class=\"wp-block-list\"><li>Sash med texten \u201cBride to be\u201d<\/li><li>Diadem med sl\u00f6ja<\/li><li>Krona att b\u00e4ra p\u00e5 huvudet<\/li><li>Fj\u00e4derboa att b\u00e4ra runt halsen<\/li><li>Strumpbyxor i f\u00e4rgglada f\u00e4rger<\/li><li>Generellt fula kl\u00e4der f\u00f6r den som \u00f6nskar f\u00f6rnedringen<\/li><li>Rolig peruk<\/li><li>Glitterspray och smink<\/li><\/ul>\n\n\n\n<h3 class=\"wp-block-heading\" id=\"dekoration\">Dekoration till m\u00f6hippan<\/h3>\n\n\n\n<p>Sj\u00e4lvklart \u00e4r <a href=\"https:\/\/tingeltangel.se\/mohippa\">m\u00f6hippa dekoration<\/a> och pynt en viktig detalj f\u00f6r att skapa r\u00e4tt st\u00e4mning. Det finns ett stort utbud av produkter att k\u00f6pa och allt fr\u00e5n ballonger till konfetti i m\u00f6hippa-tema. M\u00e5nga v\u00e4ljer produkter med texten \u201cBride to be\u201d eller \u201cTeam Bride\u201d i guld, silver och ros\u00e9guldiga nyanser. Det finns \u00e4ven f\u00e4rdiga kit d\u00e4r all dekoration redan \u00e4r packad och klar, smidigt!\u00a0<\/p>\n\n\n\n<h3 class=\"wp-block-heading\" id=\"nar\">N\u00e4r anordnas m\u00f6hippan?<\/h3>\n\n\n\n<p>Normalt sett brukar man s\u00e4ga att m\u00f6hippan ska planeras in i god tid s\u00e5 att alla deltagare har m\u00f6jlighet att n\u00e4rvara. T\u00e4nk ocks\u00e5 p\u00e5 att vissa moment kan ta tid, tex att boka ev. aktiviteter och restauranger. Det \u00e4r bra om m\u00f6hippan inte ligger f\u00f6r n\u00e4ra men inte heller f\u00f6r l\u00e5ngt ifr\u00e5n sj\u00e4lva br\u00f6llopet, t\u00e4nk p\u00e5 att bruden f\u00f6rmodligen har mycket att sj\u00e4lv planera inf\u00f6r den kommande dagen. L\u00e4gg m\u00f6hippan ca 1-3 veckor f\u00f6re br\u00f6llopet och planera i god tid. Det \u00e4r f\u00f6rmodligen d\u00e5 bruden sj\u00e4lv r\u00e4knar med att bli kidnappad till hippan.<\/p>\n\n\n\n<h3 class=\"wp-block-heading\" id=\"lekar\">Lekar och quiz<\/h3>\n\n\n\n<p>N\u00e4r kv\u00e4llen har kommit \u00e4r det trevligt att leka lite lekar och har man dessutom tagit n\u00e5got glas s\u00e5 kanske det g\u00f6r det hela \u00e4nnu mer skoj. M\u00e5nga v\u00e4ljer att skicka h\u00e4lsningar fr\u00e5n tidigare ex och kanske skapa ett quiz kring dom, det blir en rolig stund med m\u00e5nga pinsamma minnen att dela. Ett kundskapsquiz kan ocks\u00e5 bli ett kul moment om fr\u00e5gorna \u00e4r dom r\u00e4tta. H\u00e4r tipsar vi om roliga lekar p\u00e5 m\u00f6hippan:<\/p>\n\n\n\n<ul class=\"wp-block-list\"><li>Quiz med fr\u00e5gor<\/li><li>osv<\/li><\/ul>\n","protected":false},"excerpt":{"rendered":"<p>M\u00f6hippa, den stora dagen och kv\u00e4llen d\u00e4r v\u00e4nninorna samlas f\u00f6r att fira den blivande bruden, det h\u00e4r kommer att bli ett of\u00f6rgl\u00f6mligt minne (beror ju p\u00e5 dryckesintaget) och allt m\u00e5ste blir r\u00e4tt. Vi hj\u00e4lper dig med allt som beh\u00f6vs f\u00f6r att skapa den perfekta m\u00f6hippan, h\u00e4ng med s\u00e5 ber\u00e4ttar vi mer! Bakgrund om m\u00f6hippan L\u00e5t &hellip; <\/p>\n<p class=\"link-more\"><a href=\"https:\/\/xn--mhippan-90a.se\/\" class=\"more-link\">Forts\u00e4tt l\u00e4sa<span class=\"screen-reader-text\"> &#8221;M\u00f6hippa&#8221;<\/span><\/a><\/p>\n","protected":false},"author":1,"featured_media":0,"parent":0,"menu_order":0,"comment_status":"closed","ping_status":"open","template":"","meta":{"footnotes":""},"class_list":["post-2","page","type-page","status-publish","hentry","entry"],"yoast_head":"<!-- This site is optimized with the Yoast SEO plugin v27.4 - https:\/\/yoast.com\/product\/yoast-seo-wordpress\/ -->\n<title>M\u00f6hippa - M\u00f6hippan.se<\/title>\n<meta name=\"description\" content=\"M\u00f6hippa guide - allt som du beh\u00f6ver veta f\u00f6r att planera den perfekta m\u00f6hippan: lekar, tips, quiz, aktiviteter och inspiration. \ud83d\udc70\" \/>\n<meta name=\"robots\" content=\"index, follow, max-snippet:-1, max-image-preview:large, max-video-preview:-1\" \/>\n<link rel=\"canonical\" href=\"https:\/\/xn--mhippan-90a.se\/\" \/>\n<meta property=\"og:locale\" content=\"sv_SE\" \/>\n<meta property=\"og:type\" content=\"article\" \/>\n<meta property=\"og:title\" content=\"M\u00f6hippa - M\u00f6hippan.se\" \/>\n<meta property=\"og:description\" content=\"M\u00f6hippa guide - allt som du beh\u00f6ver veta f\u00f6r att planera den perfekta m\u00f6hippan: lekar, tips, quiz, aktiviteter och inspiration. \ud83d\udc70\" \/>\n<meta property=\"og:url\" content=\"https:\/\/xn--mhippan-90a.se\/\" \/>\n<meta property=\"og:site_name\" content=\"M\u00f6hippan.se\" \/>\n<meta property=\"article:modified_time\" content=\"2021-09-17T13:42:42+00:00\" \/>\n<meta property=\"og:image\" content=\"https:\/\/xn--mhippan-90a.se\/wp-content\/uploads\/2021\/09\/bride.jpg\" \/>\n<meta name=\"twitter:card\" content=\"summary_large_image\" \/>\n<meta name=\"twitter:label1\" content=\"Ber\u00e4knad l\u00e4stid\" \/>\n\t<meta name=\"twitter:data1\" content=\"4 minuter\" \/>\n<script type=\"application\/ld+json\" class=\"yoast-schema-graph\">{\"@context\":\"https:\\\/\\\/schema.org\",\"@graph\":[{\"@type\":\"WebPage\",\"@id\":\"https:\\\/\\\/xn--mhippan-90a.se\\\/\",\"url\":\"https:\\\/\\\/xn--mhippan-90a.se\\\/\",\"name\":\"M\u00f6hippa - M\u00f6hippan.se\",\"isPartOf\":{\"@id\":\"https:\\\/\\\/xn--mhippan-90a.se\\\/#website\"},\"primaryImageOfPage\":{\"@id\":\"https:\\\/\\\/xn--mhippan-90a.se\\\/#primaryimage\"},\"image\":{\"@id\":\"https:\\\/\\\/xn--mhippan-90a.se\\\/#primaryimage\"},\"thumbnailUrl\":\"https:\\\/\\\/xn--mhippan-90a.se\\\/wp-content\\\/uploads\\\/2021\\\/09\\\/bride.jpg\",\"datePublished\":\"2021-09-15T14:13:20+00:00\",\"dateModified\":\"2021-09-17T13:42:42+00:00\",\"description\":\"M\u00f6hippa guide - allt som du beh\u00f6ver veta f\u00f6r att planera den perfekta m\u00f6hippan: lekar, tips, quiz, aktiviteter och inspiration. \ud83d\udc70\",\"breadcrumb\":{\"@id\":\"https:\\\/\\\/xn--mhippan-90a.se\\\/#breadcrumb\"},\"inLanguage\":\"sv-SE\",\"potentialAction\":[{\"@type\":\"ReadAction\",\"target\":[\"https:\\\/\\\/xn--mhippan-90a.se\\\/\"]}]},{\"@type\":\"ImageObject\",\"inLanguage\":\"sv-SE\",\"@id\":\"https:\\\/\\\/xn--mhippan-90a.se\\\/#primaryimage\",\"url\":\"https:\\\/\\\/xn--mhippan-90a.se\\\/wp-content\\\/uploads\\\/2021\\\/09\\\/bride.jpg\",\"contentUrl\":\"https:\\\/\\\/xn--mhippan-90a.se\\\/wp-content\\\/uploads\\\/2021\\\/09\\\/bride.jpg\",\"width\":600,\"height\":400},{\"@type\":\"BreadcrumbList\",\"@id\":\"https:\\\/\\\/xn--mhippan-90a.se\\\/#breadcrumb\",\"itemListElement\":[{\"@type\":\"ListItem\",\"position\":1,\"name\":\"Hem\",\"item\":\"https:\\\/\\\/xn--mhippan-90a.se\\\/\"},{\"@type\":\"ListItem\",\"position\":2,\"name\":\"M\u00f6hippa\"}]},{\"@type\":\"WebSite\",\"@id\":\"https:\\\/\\\/xn--mhippan-90a.se\\\/#website\",\"url\":\"https:\\\/\\\/xn--mhippan-90a.se\\\/\",\"name\":\"M\u00f6hippan.se\",\"description\":\"Din guide f\u00f6r den perfekta M\u00f6hippan\",\"publisher\":{\"@id\":\"https:\\\/\\\/xn--mhippan-90a.se\\\/#organization\"},\"potentialAction\":[{\"@type\":\"SearchAction\",\"target\":{\"@type\":\"EntryPoint\",\"urlTemplate\":\"https:\\\/\\\/xn--mhippan-90a.se\\\/?s={search_term_string}\"},\"query-input\":{\"@type\":\"PropertyValueSpecification\",\"valueRequired\":true,\"valueName\":\"search_term_string\"}}],\"inLanguage\":\"sv-SE\"},{\"@type\":\"Organization\",\"@id\":\"https:\\\/\\\/xn--mhippan-90a.se\\\/#organization\",\"name\":\"M\u00f6hippan.se\",\"url\":\"https:\\\/\\\/xn--mhippan-90a.se\\\/\",\"logo\":{\"@type\":\"ImageObject\",\"inLanguage\":\"sv-SE\",\"@id\":\"https:\\\/\\\/xn--mhippan-90a.se\\\/#\\\/schema\\\/logo\\\/image\\\/\",\"url\":\"https:\\\/\\\/xn--mhippan-90a.se\\\/wp-content\\\/uploads\\\/2021\\\/09\\\/mohippaloggo.jpg\",\"contentUrl\":\"https:\\\/\\\/xn--mhippan-90a.se\\\/wp-content\\\/uploads\\\/2021\\\/09\\\/mohippaloggo.jpg\",\"width\":190,\"height\":190,\"caption\":\"M\u00f6hippan.se\"},\"image\":{\"@id\":\"https:\\\/\\\/xn--mhippan-90a.se\\\/#\\\/schema\\\/logo\\\/image\\\/\"}},{\"@type\":\"HowTo\",\"@id\":\"https:\\\/\\\/xn--mhippan-90a.se\\\/#howto-1\",\"name\":\"M\u00f6hippa\",\"mainEntityOfPage\":{\"@id\":\"https:\\\/\\\/xn--mhippan-90a.se\\\/\"},\"description\":\"Inneh\u00e5ll:\",\"step\":[{\"@type\":\"HowToStep\",\"url\":\"https:\\\/\\\/xn--mhippan-90a.se\\\/#how-to-step-1631884254663\",\"text\":\"Bakgrund om m\u00f6hippan\"},{\"@type\":\"HowToStep\",\"url\":\"https:\\\/\\\/xn--mhippan-90a.se\\\/#how-to-step-1631884321770\",\"text\":\"Vad g\u00f6r man p\u00e5 en M\u00f6hippa\"},{\"@type\":\"HowToStep\",\"url\":\"https:\\\/\\\/xn--mhippan-90a.se\\\/#how-to-step-1631884412707\",\"text\":\"Kl\u00e4der till m\u00f6hippan\"},{\"@type\":\"HowToStep\",\"url\":\"https:\\\/\\\/xn--mhippan-90a.se\\\/#how-to-step-1631884430981\",\"text\":\"Dekoration till m\u00f6hippa\"},{\"@type\":\"HowToStep\",\"url\":\"https:\\\/\\\/xn--mhippan-90a.se\\\/#how-to-step-1631884484857\",\"text\":\"N\u00e4r i tid anordnas en m\u00f6hippa\"},{\"@type\":\"HowToStep\",\"url\":\"https:\\\/\\\/xn--mhippan-90a.se\\\/#how-to-step-1631884504152\",\"text\":\"Lekar och quiz\"}],\"inLanguage\":\"sv-SE\"}]}<\/script>\n<!-- \/ Yoast SEO plugin. -->","yoast_head_json":{"title":"M\u00f6hippa - M\u00f6hippan.se","description":"M\u00f6hippa guide - allt som du beh\u00f6ver veta f\u00f6r att planera den perfekta m\u00f6hippan: lekar, tips, quiz, aktiviteter och inspiration. \ud83d\udc70","robots":{"index":"index","follow":"follow","max-snippet":"max-snippet:-1","max-image-preview":"max-image-preview:large","max-video-preview":"max-video-preview:-1"},"canonical":"https:\/\/xn--mhippan-90a.se\/","og_locale":"sv_SE","og_type":"article","og_title":"M\u00f6hippa - M\u00f6hippan.se","og_description":"M\u00f6hippa guide - allt som du beh\u00f6ver veta f\u00f6r att planera den perfekta m\u00f6hippan: lekar, tips, quiz, aktiviteter och inspiration. \ud83d\udc70","og_url":"https:\/\/xn--mhippan-90a.se\/","og_site_name":"M\u00f6hippan.se","article_modified_time":"2021-09-17T13:42:42+00:00","og_image":[{"url":"https:\/\/xn--mhippan-90a.se\/wp-content\/uploads\/2021\/09\/bride.jpg","type":"","width":"","height":""}],"twitter_card":"summary_large_image","twitter_misc":{"Ber\u00e4knad l\u00e4stid":"4 minuter"},"schema":{"@context":"https:\/\/schema.org","@graph":[{"@type":"WebPage","@id":"https:\/\/xn--mhippan-90a.se\/","url":"https:\/\/xn--mhippan-90a.se\/","name":"M\u00f6hippa - M\u00f6hippan.se","isPartOf":{"@id":"https:\/\/xn--mhippan-90a.se\/#website"},"primaryImageOfPage":{"@id":"https:\/\/xn--mhippan-90a.se\/#primaryimage"},"image":{"@id":"https:\/\/xn--mhippan-90a.se\/#primaryimage"},"thumbnailUrl":"https:\/\/xn--mhippan-90a.se\/wp-content\/uploads\/2021\/09\/bride.jpg","datePublished":"2021-09-15T14:13:20+00:00","dateModified":"2021-09-17T13:42:42+00:00","description":"M\u00f6hippa guide - allt som du beh\u00f6ver veta f\u00f6r att planera den perfekta m\u00f6hippan: lekar, tips, quiz, aktiviteter och inspiration. \ud83d\udc70","breadcrumb":{"@id":"https:\/\/xn--mhippan-90a.se\/#breadcrumb"},"inLanguage":"sv-SE","potentialAction":[{"@type":"ReadAction","target":["https:\/\/xn--mhippan-90a.se\/"]}]},{"@type":"ImageObject","inLanguage":"sv-SE","@id":"https:\/\/xn--mhippan-90a.se\/#primaryimage","url":"https:\/\/xn--mhippan-90a.se\/wp-content\/uploads\/2021\/09\/bride.jpg","contentUrl":"https:\/\/xn--mhippan-90a.se\/wp-content\/uploads\/2021\/09\/bride.jpg","width":600,"height":400},{"@type":"BreadcrumbList","@id":"https:\/\/xn--mhippan-90a.se\/#breadcrumb","itemListElement":[{"@type":"ListItem","position":1,"name":"Hem","item":"https:\/\/xn--mhippan-90a.se\/"},{"@type":"ListItem","position":2,"name":"M\u00f6hippa"}]},{"@type":"WebSite","@id":"https:\/\/xn--mhippan-90a.se\/#website","url":"https:\/\/xn--mhippan-90a.se\/","name":"M\u00f6hippan.se","description":"Din guide f\u00f6r den perfekta M\u00f6hippan","publisher":{"@id":"https:\/\/xn--mhippan-90a.se\/#organization"},"potentialAction":[{"@type":"SearchAction","target":{"@type":"EntryPoint","urlTemplate":"https:\/\/xn--mhippan-90a.se\/?s={search_term_string}"},"query-input":{"@type":"PropertyValueSpecification","valueRequired":true,"valueName":"search_term_string"}}],"inLanguage":"sv-SE"},{"@type":"Organization","@id":"https:\/\/xn--mhippan-90a.se\/#organization","name":"M\u00f6hippan.se","url":"https:\/\/xn--mhippan-90a.se\/","logo":{"@type":"ImageObject","inLanguage":"sv-SE","@id":"https:\/\/xn--mhippan-90a.se\/#\/schema\/logo\/image\/","url":"https:\/\/xn--mhippan-90a.se\/wp-content\/uploads\/2021\/09\/mohippaloggo.jpg","contentUrl":"https:\/\/xn--mhippan-90a.se\/wp-content\/uploads\/2021\/09\/mohippaloggo.jpg","width":190,"height":190,"caption":"M\u00f6hippan.se"},"image":{"@id":"https:\/\/xn--mhippan-90a.se\/#\/schema\/logo\/image\/"}},{"@type":"HowTo","@id":"https:\/\/xn--mhippan-90a.se\/#howto-1","name":"M\u00f6hippa","mainEntityOfPage":{"@id":"https:\/\/xn--mhippan-90a.se\/"},"description":"Inneh\u00e5ll:","step":[{"@type":"HowToStep","url":"https:\/\/xn--mhippan-90a.se\/#how-to-step-1631884254663","text":"Bakgrund om m\u00f6hippan"},{"@type":"HowToStep","url":"https:\/\/xn--mhippan-90a.se\/#how-to-step-1631884321770","text":"Vad g\u00f6r man p\u00e5 en M\u00f6hippa"},{"@type":"HowToStep","url":"https:\/\/xn--mhippan-90a.se\/#how-to-step-1631884412707","text":"Kl\u00e4der till m\u00f6hippan"},{"@type":"HowToStep","url":"https:\/\/xn--mhippan-90a.se\/#how-to-step-1631884430981","text":"Dekoration till m\u00f6hippa"},{"@type":"HowToStep","url":"https:\/\/xn--mhippan-90a.se\/#how-to-step-1631884484857","text":"N\u00e4r i tid anordnas en m\u00f6hippa"},{"@type":"HowToStep","url":"https:\/\/xn--mhippan-90a.se\/#how-to-step-1631884504152","text":"Lekar och quiz"}],"inLanguage":"sv-SE"}]}},"_links":{"self":[{"href":"https:\/\/xn--mhippan-90a.se\/index.php\/wp-json\/wp\/v2\/pages\/2","targetHints":{"allow":["GET"]}}],"collection":[{"href":"https:\/\/xn--mhippan-90a.se\/index.php\/wp-json\/wp\/v2\/pages"}],"about":[{"href":"https:\/\/xn--mhippan-90a.se\/index.php\/wp-json\/wp\/v2\/types\/page"}],"author":[{"embeddable":true,"href":"https:\/\/xn--mhippan-90a.se\/index.php\/wp-json\/wp\/v2\/users\/1"}],"replies":[{"embeddable":true,"href":"https:\/\/xn--mhippan-90a.se\/index.php\/wp-json\/wp\/v2\/comments?post=2"}],"version-history":[{"count":16,"href":"https:\/\/xn--mhippan-90a.se\/index.php\/wp-json\/wp\/v2\/pages\/2\/revisions"}],"predecessor-version":[{"id":45,"href":"https:\/\/xn--mhippan-90a.se\/index.php\/wp-json\/wp\/v2\/pages\/2\/revisions\/45"}],"wp:attachment":[{"href":"https:\/\/xn--mhippan-90a.se\/index.php\/wp-json\/wp\/v2\/media?parent=2"}],"curies":[{"name":"wp","href":"https:\/\/api.w.org\/{rel}","templated":true}]}}